{"id":8188,"date":"2022-02-26T12:26:09","date_gmt":"2022-02-26T11:26:09","guid":{"rendered":"https:\/\/buceomalta.com\/newone\/cursos\/idc-instructores-en-malta\/"},"modified":"2025-01-09T21:09:31","modified_gmt":"2025-01-09T20:09:31","slug":"idc-instructors","status":"publish","type":"page","link":"https:\/\/buceomalta.com\/en\/courses\/idc-instructors\/","title":{"rendered":"PADI IDC Instructors"},"content":{"rendered":"","protected":false},"excerpt":{"rendered":"<p>Convi\u00e9rtete en un profesional del buceo.<\/p>\n","protected":false},"author":2,"featured_media":8067,"parent":8153,"menu_order":0,"comment_status":"closed","ping_status":"closed","template":"","meta":{"_monsterinsights_skip_tracking":false,"_monsterinsights_sitenote_active":false,"_monsterinsights_sitenote_note":"","_monsterinsights_sitenote_category":0,"footnotes":""},"class_list":["post-8188","page","type-page","status-publish","has-post-thumbnail","hentry"],"yoast_head":"<!-- This site is optimized with the Yoast SEO plugin v27.5 - https:\/\/yoast.com\/product\/yoast-seo-wordpress\/ -->\n<title>Curso IDC para convertirse en instructor de buceo<\/title>\n<meta name=\"description\" content=\"El curso Open Water Scuba Instructor (OWSI) de PADI en Malta te abre las puertas a una carrera gratificante y llena de aventuras. En este curso intensivo de 10 d\u00edas, adquirir\u00e1s las habilidades y conocimientos necesarios para ense\u00f1ar a otros a bucear de manera segura y efectiva.\" \/>\n<meta name=\"robots\" content=\"index, follow, max-snippet:-1, max-image-preview:large, max-video-preview:-1\" \/>\n<link rel=\"canonical\" href=\"https:\/\/buceomalta.com\/en\/courses\/idc-instructors\/\" \/>\n<meta property=\"og:locale\" content=\"en_US\" \/>\n<meta property=\"og:type\" content=\"article\" \/>\n<meta property=\"og:title\" content=\"Curso IDC para convertirse en instructor de buceo\" \/>\n<meta property=\"og:description\" content=\"El curso Open Water Scuba Instructor (OWSI) de PADI en Malta te abre las puertas a una carrera gratificante y llena de aventuras. En este curso intensivo de 10 d\u00edas, adquirir\u00e1s las habilidades y conocimientos necesarios para ense\u00f1ar a otros a bucear de manera segura y efectiva.\" \/>\n<meta property=\"og:url\" content=\"https:\/\/buceomalta.com\/en\/courses\/idc-instructors\/\" \/>\n<meta property=\"og:site_name\" content=\"Buceo en Malta, Gozo y Comino\" \/>\n<meta property=\"article:modified_time\" content=\"2025-01-09T20:09:31+00:00\" \/>\n<meta property=\"og:image\" content=\"https:\/\/buceomalta.com\/wp-content\/uploads\/2025\/01\/curso-instructores-buceo-malta.jpg\" \/>\n\t<meta property=\"og:image:width\" content=\"1366\" \/>\n\t<meta property=\"og:image:height\" content=\"900\" \/>\n\t<meta property=\"og:image:type\" content=\"image\/jpeg\" \/>\n<meta name=\"twitter:card\" content=\"summary_large_image\" \/>\n<script type=\"application\/ld+json\" class=\"yoast-schema-graph\">{\"@context\":\"https:\\\/\\\/schema.org\",\"@graph\":[{\"@type\":\"WebPage\",\"@id\":\"https:\\\/\\\/buceomalta.com\\\/en\\\/courses\\\/idc-instructors\\\/\",\"url\":\"https:\\\/\\\/buceomalta.com\\\/en\\\/courses\\\/idc-instructors\\\/\",\"name\":\"Curso IDC para convertirse en instructor de buceo\",\"isPartOf\":{\"@id\":\"https:\\\/\\\/buceomalta.com\\\/en\\\/#website\"},\"primaryImageOfPage\":{\"@id\":\"https:\\\/\\\/buceomalta.com\\\/en\\\/courses\\\/idc-instructors\\\/#primaryimage\"},\"image\":{\"@id\":\"https:\\\/\\\/buceomalta.com\\\/en\\\/courses\\\/idc-instructors\\\/#primaryimage\"},\"thumbnailUrl\":\"https:\\\/\\\/buceomalta.com\\\/wp-content\\\/uploads\\\/2025\\\/01\\\/curso-instructores-buceo-malta.jpg\",\"datePublished\":\"2022-02-26T11:26:09+00:00\",\"dateModified\":\"2025-01-09T20:09:31+00:00\",\"description\":\"El curso Open Water Scuba Instructor (OWSI) de PADI en Malta te abre las puertas a una carrera gratificante y llena de aventuras. En este curso intensivo de 10 d\u00edas, adquirir\u00e1s las habilidades y conocimientos necesarios para ense\u00f1ar a otros a bucear de manera segura y efectiva.\",\"breadcrumb\":{\"@id\":\"https:\\\/\\\/buceomalta.com\\\/en\\\/courses\\\/idc-instructors\\\/#breadcrumb\"},\"inLanguage\":\"en-US\",\"potentialAction\":[{\"@type\":\"ReadAction\",\"target\":[\"https:\\\/\\\/buceomalta.com\\\/en\\\/courses\\\/idc-instructors\\\/\"]}]},{\"@type\":\"ImageObject\",\"inLanguage\":\"en-US\",\"@id\":\"https:\\\/\\\/buceomalta.com\\\/en\\\/courses\\\/idc-instructors\\\/#primaryimage\",\"url\":\"https:\\\/\\\/buceomalta.com\\\/wp-content\\\/uploads\\\/2025\\\/01\\\/curso-instructores-buceo-malta.jpg\",\"contentUrl\":\"https:\\\/\\\/buceomalta.com\\\/wp-content\\\/uploads\\\/2025\\\/01\\\/curso-instructores-buceo-malta.jpg\",\"width\":1366,\"height\":900,\"caption\":\"curso instructores buceo malta\"},{\"@type\":\"BreadcrumbList\",\"@id\":\"https:\\\/\\\/buceomalta.com\\\/en\\\/courses\\\/idc-instructors\\\/#breadcrumb\",\"itemListElement\":[{\"@type\":\"ListItem\",\"position\":1,\"name\":\"Home\",\"item\":\"https:\\\/\\\/buceomalta.com\\\/en\\\/\"},{\"@type\":\"ListItem\",\"position\":2,\"name\":\"Diving Courses in Malta\",\"item\":\"https:\\\/\\\/buceomalta.com\\\/en\\\/courses\\\/\"},{\"@type\":\"ListItem\",\"position\":3,\"name\":\"PADI IDC Instructors\"}]},{\"@type\":\"WebSite\",\"@id\":\"https:\\\/\\\/buceomalta.com\\\/en\\\/#website\",\"url\":\"https:\\\/\\\/buceomalta.com\\\/en\\\/\",\"name\":\"Buceo en Malta, Gozo y Comino\",\"description\":\"Cursos de Buceo en Malta - Principiantes y Avanzados\",\"publisher\":{\"@id\":\"https:\\\/\\\/buceomalta.com\\\/en\\\/#organization\"},\"potentialAction\":[{\"@type\":\"SearchAction\",\"target\":{\"@type\":\"EntryPoint\",\"urlTemplate\":\"https:\\\/\\\/buceomalta.com\\\/en\\\/?s={search_term_string}\"},\"query-input\":{\"@type\":\"PropertyValueSpecification\",\"valueRequired\":true,\"valueName\":\"search_term_string\"}}],\"inLanguage\":\"en-US\"},{\"@type\":\"Organization\",\"@id\":\"https:\\\/\\\/buceomalta.com\\\/en\\\/#organization\",\"name\":\"DSDivers Malta\",\"alternateName\":\"Buceo en Malta\",\"url\":\"https:\\\/\\\/buceomalta.com\\\/en\\\/\",\"logo\":{\"@type\":\"ImageObject\",\"inLanguage\":\"en-US\",\"@id\":\"https:\\\/\\\/buceomalta.com\\\/en\\\/#\\\/schema\\\/logo\\\/image\\\/\",\"url\":\"https:\\\/\\\/buceomalta.com\\\/wp-content\\\/uploads\\\/2024\\\/06\\\/Mejor-sitio-de-buceo-en-malta-dsdiversmalta.png\",\"contentUrl\":\"https:\\\/\\\/buceomalta.com\\\/wp-content\\\/uploads\\\/2024\\\/06\\\/Mejor-sitio-de-buceo-en-malta-dsdiversmalta.png\",\"width\":100,\"height\":50,\"caption\":\"DSDivers Malta\"},\"image\":{\"@id\":\"https:\\\/\\\/buceomalta.com\\\/en\\\/#\\\/schema\\\/logo\\\/image\\\/\"}}]}<\/script>\n<!-- \/ Yoast SEO plugin. -->","yoast_head_json":{"title":"Curso IDC para convertirse en instructor de buceo","description":"El curso Open Water Scuba Instructor (OWSI) de PADI en Malta te abre las puertas a una carrera gratificante y llena de aventuras. En este curso intensivo de 10 d\u00edas, adquirir\u00e1s las habilidades y conocimientos necesarios para ense\u00f1ar a otros a bucear de manera segura y efectiva.","robots":{"index":"index","follow":"follow","max-snippet":"max-snippet:-1","max-image-preview":"max-image-preview:large","max-video-preview":"max-video-preview:-1"},"canonical":"https:\/\/buceomalta.com\/en\/courses\/idc-instructors\/","og_locale":"en_US","og_type":"article","og_title":"Curso IDC para convertirse en instructor de buceo","og_description":"El curso Open Water Scuba Instructor (OWSI) de PADI en Malta te abre las puertas a una carrera gratificante y llena de aventuras. En este curso intensivo de 10 d\u00edas, adquirir\u00e1s las habilidades y conocimientos necesarios para ense\u00f1ar a otros a bucear de manera segura y efectiva.","og_url":"https:\/\/buceomalta.com\/en\/courses\/idc-instructors\/","og_site_name":"Buceo en Malta, Gozo y Comino","article_modified_time":"2025-01-09T20:09:31+00:00","og_image":[{"width":1366,"height":900,"url":"https:\/\/buceomalta.com\/wp-content\/uploads\/2025\/01\/curso-instructores-buceo-malta.jpg","type":"image\/jpeg"}],"twitter_card":"summary_large_image","schema":{"@context":"https:\/\/schema.org","@graph":[{"@type":"WebPage","@id":"https:\/\/buceomalta.com\/en\/courses\/idc-instructors\/","url":"https:\/\/buceomalta.com\/en\/courses\/idc-instructors\/","name":"Curso IDC para convertirse en instructor de buceo","isPartOf":{"@id":"https:\/\/buceomalta.com\/en\/#website"},"primaryImageOfPage":{"@id":"https:\/\/buceomalta.com\/en\/courses\/idc-instructors\/#primaryimage"},"image":{"@id":"https:\/\/buceomalta.com\/en\/courses\/idc-instructors\/#primaryimage"},"thumbnailUrl":"https:\/\/buceomalta.com\/wp-content\/uploads\/2025\/01\/curso-instructores-buceo-malta.jpg","datePublished":"2022-02-26T11:26:09+00:00","dateModified":"2025-01-09T20:09:31+00:00","description":"El curso Open Water Scuba Instructor (OWSI) de PADI en Malta te abre las puertas a una carrera gratificante y llena de aventuras. En este curso intensivo de 10 d\u00edas, adquirir\u00e1s las habilidades y conocimientos necesarios para ense\u00f1ar a otros a bucear de manera segura y efectiva.","breadcrumb":{"@id":"https:\/\/buceomalta.com\/en\/courses\/idc-instructors\/#breadcrumb"},"inLanguage":"en-US","potentialAction":[{"@type":"ReadAction","target":["https:\/\/buceomalta.com\/en\/courses\/idc-instructors\/"]}]},{"@type":"ImageObject","inLanguage":"en-US","@id":"https:\/\/buceomalta.com\/en\/courses\/idc-instructors\/#primaryimage","url":"https:\/\/buceomalta.com\/wp-content\/uploads\/2025\/01\/curso-instructores-buceo-malta.jpg","contentUrl":"https:\/\/buceomalta.com\/wp-content\/uploads\/2025\/01\/curso-instructores-buceo-malta.jpg","width":1366,"height":900,"caption":"curso instructores buceo malta"},{"@type":"BreadcrumbList","@id":"https:\/\/buceomalta.com\/en\/courses\/idc-instructors\/#breadcrumb","itemListElement":[{"@type":"ListItem","position":1,"name":"Home","item":"https:\/\/buceomalta.com\/en\/"},{"@type":"ListItem","position":2,"name":"Diving Courses in Malta","item":"https:\/\/buceomalta.com\/en\/courses\/"},{"@type":"ListItem","position":3,"name":"PADI IDC Instructors"}]},{"@type":"WebSite","@id":"https:\/\/buceomalta.com\/en\/#website","url":"https:\/\/buceomalta.com\/en\/","name":"Buceo en Malta, Gozo y Comino","description":"Cursos de Buceo en Malta - Principiantes y Avanzados","publisher":{"@id":"https:\/\/buceomalta.com\/en\/#organization"},"potentialAction":[{"@type":"SearchAction","target":{"@type":"EntryPoint","urlTemplate":"https:\/\/buceomalta.com\/en\/?s={search_term_string}"},"query-input":{"@type":"PropertyValueSpecification","valueRequired":true,"valueName":"search_term_string"}}],"inLanguage":"en-US"},{"@type":"Organization","@id":"https:\/\/buceomalta.com\/en\/#organization","name":"DSDivers Malta","alternateName":"Buceo en Malta","url":"https:\/\/buceomalta.com\/en\/","logo":{"@type":"ImageObject","inLanguage":"en-US","@id":"https:\/\/buceomalta.com\/en\/#\/schema\/logo\/image\/","url":"https:\/\/buceomalta.com\/wp-content\/uploads\/2024\/06\/Mejor-sitio-de-buceo-en-malta-dsdiversmalta.png","contentUrl":"https:\/\/buceomalta.com\/wp-content\/uploads\/2024\/06\/Mejor-sitio-de-buceo-en-malta-dsdiversmalta.png","width":100,"height":50,"caption":"DSDivers Malta"},"image":{"@id":"https:\/\/buceomalta.com\/en\/#\/schema\/logo\/image\/"}}]}},"_links":{"self":[{"href":"https:\/\/buceomalta.com\/en\/wp-json\/wp\/v2\/pages\/8188","targetHints":{"allow":["GET"]}}],"collection":[{"href":"https:\/\/buceomalta.com\/en\/wp-json\/wp\/v2\/pages"}],"about":[{"href":"https:\/\/buceomalta.com\/en\/wp-json\/wp\/v2\/types\/page"}],"author":[{"embeddable":true,"href":"https:\/\/buceomalta.com\/en\/wp-json\/wp\/v2\/users\/2"}],"replies":[{"embeddable":true,"href":"https:\/\/buceomalta.com\/en\/wp-json\/wp\/v2\/comments?post=8188"}],"version-history":[{"count":0,"href":"https:\/\/buceomalta.com\/en\/wp-json\/wp\/v2\/pages\/8188\/revisions"}],"up":[{"embeddable":true,"href":"https:\/\/buceomalta.com\/en\/wp-json\/wp\/v2\/pages\/8153"}],"wp:featuredmedia":[{"embeddable":true,"href":"https:\/\/buceomalta.com\/en\/wp-json\/wp\/v2\/media\/8067"}],"wp:attachment":[{"href":"https:\/\/buceomalta.com\/en\/wp-json\/wp\/v2\/media?parent=8188"}],"curies":[{"name":"wp","href":"https:\/\/api.w.org\/{rel}","templated":true}]}}